{"id":75528,"date":"2016-03-03T04:29:10","date_gmt":"2016-03-03T04:29:10","guid":{"rendered":"http:\/\/www.extingman.com\/web\/?page_id=75528"},"modified":"2016-03-19T20:39:00","modified_gmt":"2016-03-19T20:39:00","slug":"pruebas-hidrostaticas-e-hidraulicas","status":"publish","type":"page","link":"https:\/\/www.extingman.com\/web\/servicios\/pruebas-hidrostaticas-e-hidraulicas\/","title":{"rendered":"Pruebas hidrost\u00e1ticas e hidr\u00e1ulicas"},"content":{"rendered":"<section class=\"wpb-content-wrapper\"><p>[vc_row][vc_column width=&#8221;1\/2&#8243;][vc_single_image image=&#8221;75546&#8243; img_size=&#8221;full&#8221;][\/vc_column][vc_column width=&#8221;1\/2&#8243;][vc_custom_heading text=&#8221;PRUEBAS HIDROST\u00c1TICAS E HIDR\u00c1ULICAS&#8221; font_container=&#8221;tag:h2|font_size:24|text_align:left|color:%23111111&#8243; use_theme_fonts=&#8221;yes&#8221; el_class=&#8221;style3&#8243; css=&#8221;.vc_custom_1456979185746{margin-bottom: 40px !important;}&#8221;][vc_column_text el_class=&#8221;gray&#8221;]Prueba de presi\u00f3n para verificar la capacidad de un cilindro para resistir contra ruptura indeseable.<\/p>\n<ul>\n<li>La prueba hidrost\u00e1tica es el m\u00e9todo utilizado para comprobar los dispositivos\u00a0como extintores. Normalmente, la prueba hidrost\u00e1tica se realiza en componentes importantes de estos dispositivos, como la carcasa, el conjunto de manguera y el cilindro. La Administraci\u00f3n de\u00a0Seguridad\u00a0y\u00a0Salud\u00a0Ocupacional (OSHA, por sus siglas en ingl\u00e9s) tiene un conjunto de normas para las pruebas de estos dispositivos. Estas normas se ponen en marcha para garantizar la seguridad en el lugar de\u00a0trabajo. Por otra parte, las regulaciones que cubren los aspectos de seguridad de los componentes cr\u00edticos de un extintor de incendios son necesarias debido a una mirada visual superficial al dispositivo que es a menudo una forma incompleta de la comprobaci\u00f3n de su capacidad de trabajar cuando realmente se necesita, como en una emergencia.<\/li>\n<\/ul>\n<p>[\/vc_column_text][\/vc_column][\/vc_row][vc_row][vc_column][vc_column_text el_class=&#8221;gray&#8221;]<\/p>\n<ul>\n<li>Naturaleza de la prueba.<\/li>\n<li>La prueba hidrost\u00e1tica debe ser llevada a cabo sobre los materiales siempre que muestren signos de fugas, corrosi\u00f3n o fallas mec\u00e1nicas. Las partes del extintor tambi\u00e9n tienen que adherirse para establecer est\u00e1ndares. Por ejemplo, un conjunto de manguera de di\u00f3xido de carbono tiene que ser probado hidr\u00e1ulicamente a 1250 psi y qu\u00edmica seca o conjunto de manguera seca de polvo a 300 psi. Las normas tambi\u00e9n establecen que es ilegal que las pruebas hidrost\u00e1ticas se lleven a cabo en un extintor sin tener una prueba visual, y permite invertir cualquier componente de carcasa totalmente soldada o remachada que tenga una generaci\u00f3n propia de \u00e1cido de sodio o espuma de autogeneraci\u00f3n o gas cartucho de agua para romper el cartucho para activarlo.<\/li>\n<\/ul>\n<p>[\/vc_column_text][vc_separator][\/vc_column][\/vc_row][vc_row full_width=&#8221;stretch_row&#8221; css=&#8221;.vc_custom_1435652900959{margin-bottom: 0px !important;border-top-width: 1px !important;padding-top: 50px !important;padding-bottom: 50px !important;background-color: #eeeeee !important;border-top-color: #dddddd !important;border-top-style: solid !important;}&#8221; el_class=&#8221;align-right&#8221;][vc_column width=&#8221;2\/3&#8243;][vc_custom_heading text=&#8221;No esta seguro sobre la mejor soluci\u00f3n a sus necesidades?&#8221; font_container=&#8221;tag:h3|font_size:18|text_align:left|color:%23111111&#8243; use_theme_fonts=&#8221;yes&#8221; css=&#8221;.vc_custom_1450550999499{margin-top: 10px !important;}&#8221;][\/vc_column][vc_column width=&#8221;1\/3&#8243;][thememove_button text=&#8221;Cont\u00e1ctanos&#8221; url=&#8221;https:\/\/www.extingman.com\/web\/contacto\/&#8221;][\/vc_column][\/vc_row]<\/p>\n<\/section>","protected":false},"excerpt":{"rendered":"<p>[vc_row][vc_column width=&#8221;1\/2&#8243;][vc_single_image image=&#8221;75546&#8243; img_size=&#8221;full&#8221;][\/vc_column][vc_column width=&#8221;1\/2&#8243;][vc_custom_heading text=&#8221;PRUEBAS HIDROST\u00c1TICAS E HIDR\u00c1ULICAS&#8221; font_container=&#8221;tag:h2|font_size:24|text_align:left|color:%23111111&#8243; use_theme_fonts=&#8221;yes&#8221; el_class=&#8221;style3&#8243; css=&#8221;.vc_custom_1456979185746{margin-bottom: 40px !important;}&#8221;][vc_column_text el_class=&#8221;gray&#8221;]Prueba de presi\u00f3n para verificar [&hellip;]<\/p>\n","protected":false},"author":1,"featured_media":75603,"parent":17,"menu_order":0,"comment_status":"closed","ping_status":"closed","template":"","meta":{"footnotes":""},"_links":{"self":[{"href":"https:\/\/www.extingman.com\/web\/wp-json\/wp\/v2\/pages\/75528"}],"collection":[{"href":"https:\/\/www.extingman.com\/web\/wp-json\/wp\/v2\/pages"}],"about":[{"href":"https:\/\/www.extingman.com\/web\/wp-json\/wp\/v2\/types\/page"}],"author":[{"embeddable":true,"href":"https:\/\/www.extingman.com\/web\/wp-json\/wp\/v2\/users\/1"}],"replies":[{"embeddable":true,"href":"https:\/\/www.extingman.com\/web\/wp-json\/wp\/v2\/comments?post=75528"}],"version-history":[{"count":5,"href":"https:\/\/www.extingman.com\/web\/wp-json\/wp\/v2\/pages\/75528\/revisions"}],"predecessor-version":[{"id":75548,"href":"https:\/\/www.extingman.com\/web\/wp-json\/wp\/v2\/pages\/75528\/revisions\/75548"}],"up":[{"embeddable":true,"href":"https:\/\/www.extingman.com\/web\/wp-json\/wp\/v2\/pages\/17"}],"wp:featuredmedia":[{"embeddable":true,"href":"https:\/\/www.extingman.com\/web\/wp-json\/wp\/v2\/media\/75603"}],"wp:attachment":[{"href":"https:\/\/www.extingman.com\/web\/wp-json\/wp\/v2\/media?parent=75528"}],"curies":[{"name":"wp","href":"https:\/\/api.w.org\/{rel}","templated":true}]}}