{"id":75497,"date":"2016-03-02T15:52:40","date_gmt":"2016-03-02T15:52:40","guid":{"rendered":"http:\/\/www.extingman.com\/web\/?page_id=75497"},"modified":"2016-03-02T16:41:22","modified_gmt":"2016-03-02T16:41:22","slug":"norma-nfpa-10","status":"publish","type":"page","link":"https:\/\/www.extingman.com\/web\/norma-nfpa-10\/","title":{"rendered":"Norma NFPA 10"},"content":{"rendered":"<section class=\"wpb-content-wrapper\"><p>[vc_row][vc_column][vc_column_text]<strong>Los extintores port\u00e1tiles<\/strong> siempre han hecho parte de la cotidianidad de nuestras vidas, los vemos en grandes edificaciones, incluso en la mayor\u00eda de lugares residenciales, nuestros hogares, nuestros veh\u00edculos; los extintores son un componente indispensable, importante y fundamental para la protecci\u00f3n de una ocupaci\u00f3n.<\/p>\n<p>La tendencia de uso de los extintores son un reflejo de la misma industria y esto es justamente lo que trata de regular la <strong>NFPA 10<\/strong>.<\/p>\n<h2>\u00bfQu\u00e9 es la norma NFPA 10?<\/h2>\n<p>Esta norma nos muestra los pasos a seguir para una adecuada <strong>selecci\u00f3n, distribuci\u00f3n, inspecci\u00f3n, mantenimiento y prueba hidrost\u00e1tica de los extintores port\u00e1tiles contra incendios<\/strong>.<\/p>\n<p>Con la norma <strong>NFPA 10<\/strong>, tiene un enfoque a los requisitos completos para extintores utilizados para combatir <strong>incendios de clase A, B, C, y D.<\/strong><\/p>\n<p><strong>La norma NFPA 10, Extintores Port\u00e1tiles Contra Incendios (Standard for Portable Fire Extinguishers en ingles)<\/strong> mantiene en continua revisi\u00f3n y actualizaci\u00f3n, en su contenido se incluyen los aspectos de mayor debate dentro de la industria, <strong>clasificaci\u00f3n de la ocupaci\u00f3n, certificaci\u00f3n del personal t\u00e9cnico, monitoreo electr\u00f3nico, extintores obsoletos y extintores de alto flujo.<\/strong><\/p>\n<p><strong>La norma NFPA 10<\/strong> le ayuda a seleccionar, utilizar y realizar el mantenimiento de los extintores port\u00e1tiles contra incendio adecuados al riesgo.<\/p>\n<p><strong>Los extintores port\u00e1tiles contra incendio<\/strong> constituyen la primera l\u00ednea de defensa vital para protegerse de incendios menores. Para la mejor protecci\u00f3n, debemos asegurarnos de elegir, utilizar y mantener los extintores seg\u00fan los \u00faltimos requisitos que presenta la edici\u00f3n m\u00e1s reciente de la <strong>NFPA 10: Norma para extintores port\u00e1tiles contra incendio.<\/strong><\/p>\n<p>[\/vc_column_text][vc_btn title=&#8221;Descargar Norma NFPA 10&#8243; color=&#8221;danger&#8221; link=&#8221;url:http%3A%2F%2Fwww.extingman.com%2Fweb%2Fdescargas%2Fnorma-nfpa-10.pdf||target:%20_blank&#8221;][\/vc_column][\/vc_row]<\/p>\n<\/section>","protected":false},"excerpt":{"rendered":"<p>[vc_row][vc_column][vc_column_text]Los extintores port\u00e1tiles siempre han hecho parte de la cotidianidad de nuestras vidas, los vemos en grandes edificaciones, incluso en [&hellip;]<\/p>\n","protected":false},"author":1,"featured_media":75498,"parent":0,"menu_order":0,"comment_status":"closed","ping_status":"closed","template":"","meta":{"footnotes":""},"_links":{"self":[{"href":"https:\/\/www.extingman.com\/web\/wp-json\/wp\/v2\/pages\/75497"}],"collection":[{"href":"https:\/\/www.extingman.com\/web\/wp-json\/wp\/v2\/pages"}],"about":[{"href":"https:\/\/www.extingman.com\/web\/wp-json\/wp\/v2\/types\/page"}],"author":[{"embeddable":true,"href":"https:\/\/www.extingman.com\/web\/wp-json\/wp\/v2\/users\/1"}],"replies":[{"embeddable":true,"href":"https:\/\/www.extingman.com\/web\/wp-json\/wp\/v2\/comments?post=75497"}],"version-history":[{"count":4,"href":"https:\/\/www.extingman.com\/web\/wp-json\/wp\/v2\/pages\/75497\/revisions"}],"predecessor-version":[{"id":75514,"href":"https:\/\/www.extingman.com\/web\/wp-json\/wp\/v2\/pages\/75497\/revisions\/75514"}],"wp:featuredmedia":[{"embeddable":true,"href":"https:\/\/www.extingman.com\/web\/wp-json\/wp\/v2\/media\/75498"}],"wp:attachment":[{"href":"https:\/\/www.extingman.com\/web\/wp-json\/wp\/v2\/media?parent=75497"}],"curies":[{"name":"wp","href":"https:\/\/api.w.org\/{rel}","templated":true}]}}