{"id":74956,"date":"2016-01-09T22:47:02","date_gmt":"2016-01-09T22:47:02","guid":{"rendered":"http:\/\/www.extingman.com\/web\/?page_id=74956"},"modified":"2023-08-03T15:49:49","modified_gmt":"2023-08-03T20:49:49","slug":"proteccion-visual","status":"publish","type":"page","link":"https:\/\/www.extingman.com\/web\/productos\/elementos-de-proteccion-personal\/proteccion-visual\/","title":{"rendered":"Protecci\u00f3n Visual"},"content":{"rendered":"<section class=\"wpb-content-wrapper\"><p>[vc_row][vc_column][vc_row_inner][vc_column_inner width=&#8221;1\/2&#8243;][vc_single_image image=&#8221;75017&#8243; img_size=&#8221;&#8221; alignment=&#8221;center&#8221; style=&#8221;vc_box_rounded&#8221; onclick=&#8221;custom_link&#8221; link=&#8221;https:\/\/www.extingman.com\/web\/productos\/elementos-de-proteccion\/proteccion-visual\/eagle\/&#8221;][vc_column_text]<strong><a href=\"https:\/\/www.extingman.com\/web\/productos\/elementos-de-proteccion\/proteccion-visual\/eagle\/\">EAGLE<\/a><\/strong>: Gafas doble utilidad: brazos y banda el\u00e1stica.[\/vc_column_text][\/vc_column_inner][vc_column_inner width=&#8221;1\/2&#8243;][vc_single_image image=&#8221;75018&#8243; img_size=&#8221;&#8221; alignment=&#8221;center&#8221; style=&#8221;vc_box_rounded&#8221; onclick=&#8221;custom_link&#8221; link=&#8221;https:\/\/www.extingman.com\/web\/productos\/elementos-de-proteccion\/proteccion-visual\/rainbow1\/&#8221;][vc_column_text]<a href=\"https:\/\/www.extingman.com\/web\/productos\/elementos-de-proteccion\/proteccion-visual\/rainbow1\/\"><strong>Rainbow I<\/strong><\/a>: Gafas con lente espejado amarillo con banda el\u00e1stica para mayor comodidad.[\/vc_column_text][\/vc_column_inner][\/vc_row_inner][vc_row_inner][vc_column_inner width=&#8221;1\/2&#8243;][vc_single_image image=&#8221;75019&#8243; img_size=&#8221;&#8221; alignment=&#8221;center&#8221; style=&#8221;vc_box_rounded&#8221; onclick=&#8221;custom_link&#8221; link=&#8221;https:\/\/www.extingman.com\/web\/productos\/elementos-de-proteccion\/proteccion-visual\/gazela\/&#8221;][vc_column_text]<strong><a href=\"https:\/\/www.extingman.com\/web\/productos\/elementos-de-proteccion\/proteccion-visual\/gazela\/\">GAZELA<\/a><\/strong>: Gafas montura universal, filtra 99.9% de los rayos ultravioletas.[\/vc_column_text][\/vc_column_inner][vc_column_inner width=&#8221;1\/2&#8243;][vc_single_image image=&#8221;75020&#8243; img_size=&#8221;&#8221; alignment=&#8221;center&#8221; style=&#8221;vc_box_rounded&#8221; onclick=&#8221;custom_link&#8221; link=&#8221;https:\/\/www.extingman.com\/web\/productos\/elementos-de-proteccion\/proteccion-visual\/lynx\/&#8221;][vc_column_text]<strong><a href=\"https:\/\/www.extingman.com\/web\/productos\/elementos-de-proteccion\/proteccion-visual\/lynx\/\">LYNX<\/a><\/strong>: Gafas con lente oscuro sin antifog, filtra 99.9% de los rayos ultravioletas.[\/vc_column_text][\/vc_column_inner][\/vc_row_inner][vc_row_inner][vc_column_inner width=&#8221;1\/2&#8243;][vc_single_image image=&#8221;75023&#8243; img_size=&#8221;&#8221; alignment=&#8221;center&#8221; style=&#8221;vc_box_rounded&#8221; onclick=&#8221;custom_link&#8221; link=&#8221;https:\/\/www.extingman.com\/web\/productos\/elementos-de-proteccion\/proteccion-visual\/gafas-jaguar\/&#8221;][vc_column_text]<a href=\"https:\/\/www.extingman.com\/web\/productos\/elementos-de-proteccion\/proteccion-visual\/gafas-jaguar\/\"><strong>JAGUAR<\/strong><\/a>: Gafas sin antifog, lente claro, filtra 99.9% de los rayos ultravioletas.[\/vc_column_text][\/vc_column_inner][vc_column_inner width=&#8221;1\/2&#8243;][vc_single_image image=&#8221;75025&#8243; img_size=&#8221;&#8221; alignment=&#8221;center&#8221; style=&#8221;vc_box_rounded&#8221; onclick=&#8221;custom_link&#8221; link=&#8221;https:\/\/www.extingman.com\/web\/productos\/elementos-de-proteccion\/proteccion-visual\/lente-claro\/&#8221;][vc_column_text]<strong><a href=\"https:\/\/www.extingman.com\/web\/productos\/elementos-de-proteccion\/proteccion-visual\/lente-claro\/\">LENTE CLARO<\/a><\/strong>: Unilente extensible, sin ratchet, sin antifog, filtra 99.9% de los rayos ultravioletas.[\/vc_column_text][\/vc_column_inner][\/vc_row_inner][vc_row_inner][vc_column_inner width=&#8221;1\/2&#8243;][vc_single_image image=&#8221;75026&#8243; img_size=&#8221;&#8221; alignment=&#8221;center&#8221; style=&#8221;vc_box_rounded&#8221; onclick=&#8221;custom_link&#8221; link=&#8221;https:\/\/www.extingman.com\/web\/productos\/elementos-de-proteccion\/proteccion-visual\/lenteoscuro\/&#8221;][vc_column_text]<strong><a href=\"https:\/\/www.extingman.com\/web\/productos\/elementos-de-proteccion\/proteccion-visual\/lenteoscuro\/\">LENTE OSCURO<\/a><\/strong>: Unilente extensible, sin ratchet, sin antifog, filtra 99.9% de los rayos ultravioletas.[\/vc_column_text][\/vc_column_inner][vc_column_inner width=&#8221;1\/2&#8243;][vc_single_image image=&#8221;75028&#8243; img_size=&#8221;&#8221; alignment=&#8221;center&#8221; style=&#8221;vc_box_rounded&#8221; onclick=&#8221;custom_link&#8221; link=&#8221;https:\/\/www.extingman.com\/web\/productos\/elementos-de-proteccion\/proteccion-visual\/lentes-everest\/&#8221;][vc_column_text]<strong><a href=\"https:\/\/www.extingman.com\/web\/productos\/elementos-de-proteccion\/proteccion-visual\/lentes-everest\/\">EVEREST<\/a><\/strong>: Protecci\u00f3n contra part\u00edculas de polvo, salpicadura de qu\u00edmicos y de elementos que caen y rebotan.[\/vc_column_text][\/vc_column_inner][\/vc_row_inner][vc_row_inner][vc_column_inner width=&#8221;1\/2&#8243;][vc_single_image image=&#8221;75029&#8243; img_size=&#8221;&#8221; alignment=&#8221;center&#8221; style=&#8221;vc_box_rounded&#8221; onclick=&#8221;custom_link&#8221; link=&#8221;https:\/\/www.extingman.com\/web\/productos\/elementos-de-proteccion\/proteccion-visual\/lentes-fujiyama\/&#8221;][vc_column_text]<a href=\"https:\/\/www.extingman.com\/web\/productos\/elementos-de-proteccion\/proteccion-visual\/lentes-fujiyama\/\"><strong>FUJIYAMA<\/strong><\/a>: Lente claro, excelente protecci\u00f3n contra impacto, contaminaci\u00f3n por polvo y salpicaduras.[\/vc_column_text][\/vc_column_inner][vc_column_inner width=&#8221;1\/2&#8243;][vc_single_image image=&#8221;75031&#8243; img_size=&#8221;&#8221; alignment=&#8221;center&#8221; onclick=&#8221;custom_link&#8221; link=&#8221;https:\/\/www.extingman.com\/web\/productos\/elementos-de-proteccion\/proteccion-visual\/lentes-makalu\/&#8221;][vc_column_text]<a href=\"https:\/\/www.extingman.com\/web\/productos\/elementos-de-proteccion\/proteccion-visual\/lentes-makalu\/\"><strong>MAKALU<\/strong><\/a>: Protecci\u00f3n contra part\u00edculas de polvo, salpicadura de qu\u00edmicos y de elementos que caen y rebotan.[\/vc_column_text][\/vc_column_inner][\/vc_row_inner][\/vc_column][\/vc_row][vc_row full_width=&#8221;stretch_row&#8221; css=&#8221;.vc_custom_1435652863768{margin-bottom: 0px !important;border-top-width: 1px !important;padding-top: 50px !important;padding-bottom: 50px !important;background-color: #eeeeee !important;border-top-color: #dddddd !important;border-top-style: solid !important;}&#8221; el_class=&#8221;align-right&#8221;][vc_column width=&#8221;2\/3&#8243;][vc_custom_heading text=&#8221;No esta seguro sobre la mejor soluci\u00f3n a sus necesidades?&#8221; font_container=&#8221;tag:h3|font_size:18|text_align:left|color:%23111111&#8243; use_theme_fonts=&#8221;yes&#8221; css=&#8221;.vc_custom_1451940585191{margin-top: 10px !important;}&#8221;][\/vc_column][vc_column width=&#8221;1\/3&#8243;][thememove_button text=&#8221;Cont\u00e1ctanos&#8221; url=&#8221;https:\/\/www.extingman.com\/web\/contacto\/&#8221;][\/vc_column][\/vc_row]<\/p>\n<\/section>","protected":false},"excerpt":{"rendered":"<p>[vc_row][vc_column][vc_row_inner][vc_column_inner width=&#8221;1\/2&#8243;][vc_single_image image=&#8221;75017&#8243; img_size=&#8221;&#8221; alignment=&#8221;center&#8221; style=&#8221;vc_box_rounded&#8221; onclick=&#8221;custom_link&#8221; link=&#8221;https:\/\/www.extingman.com\/web\/productos\/elementos-de-proteccion\/proteccion-visual\/eagle\/&#8221;][vc_column_text]EAGLE: Gafas doble utilidad: brazos y banda el\u00e1stica.[\/vc_column_text][\/vc_column_inner][vc_column_inner width=&#8221;1\/2&#8243;][vc_single_image image=&#8221;75018&#8243; img_size=&#8221;&#8221; alignment=&#8221;center&#8221; style=&#8221;vc_box_rounded&#8221; [&hellip;]<\/p>\n","protected":false},"author":1,"featured_media":75338,"parent":74288,"menu_order":0,"comment_status":"closed","ping_status":"closed","template":"","meta":{"footnotes":""},"_links":{"self":[{"href":"https:\/\/www.extingman.com\/web\/wp-json\/wp\/v2\/pages\/74956"}],"collection":[{"href":"https:\/\/www.extingman.com\/web\/wp-json\/wp\/v2\/pages"}],"about":[{"href":"https:\/\/www.extingman.com\/web\/wp-json\/wp\/v2\/types\/page"}],"author":[{"embeddable":true,"href":"https:\/\/www.extingman.com\/web\/wp-json\/wp\/v2\/users\/1"}],"replies":[{"embeddable":true,"href":"https:\/\/www.extingman.com\/web\/wp-json\/wp\/v2\/comments?post=74956"}],"version-history":[{"count":11,"href":"https:\/\/www.extingman.com\/web\/wp-json\/wp\/v2\/pages\/74956\/revisions"}],"predecessor-version":[{"id":75821,"href":"https:\/\/www.extingman.com\/web\/wp-json\/wp\/v2\/pages\/74956\/revisions\/75821"}],"up":[{"embeddable":true,"href":"https:\/\/www.extingman.com\/web\/wp-json\/wp\/v2\/pages\/74288"}],"wp:featuredmedia":[{"embeddable":true,"href":"https:\/\/www.extingman.com\/web\/wp-json\/wp\/v2\/media\/75338"}],"wp:attachment":[{"href":"https:\/\/www.extingman.com\/web\/wp-json\/wp\/v2\/media?parent=74956"}],"curies":[{"name":"wp","href":"https:\/\/api.w.org\/{rel}","templated":true}]}}