{"id":74954,"date":"2016-01-09T22:44:30","date_gmt":"2016-01-09T22:44:30","guid":{"rendered":"http:\/\/www.extingman.com\/web\/?page_id=74954"},"modified":"2023-08-03T15:48:51","modified_gmt":"2023-08-03T20:48:51","slug":"proteccion-respiratoria","status":"publish","type":"page","link":"https:\/\/www.extingman.com\/web\/productos\/elementos-de-proteccion-personal\/proteccion-respiratoria\/","title":{"rendered":"Protecci\u00f3n Respiratoria"},"content":{"rendered":"<section class=\"wpb-content-wrapper\"><p>[vc_row][vc_column][vc_row_inner][vc_column_inner width=&#8221;1\/2&#8243;][vc_single_image image=&#8221;75042&#8243; img_size=&#8221;&#8221; alignment=&#8221;center&#8221; style=&#8221;vc_box_rounded&#8221; onclick=&#8221;custom_link&#8221; link=&#8221;https:\/\/www.extingman.com\/web\/productos\/elementos-de-proteccion\/proteccion-respiratoria\/mascarillacon-valvula\/&#8221;][vc_column_text]<strong><a href=\"https:\/\/www.extingman.com\/web\/productos\/elementos-de-proteccion\/proteccion-respiratoria\/mascarillacon-valvula\/\">MASCARILLA CON V\u00c1LVULA<\/a><\/strong>: Mascarilla con v\u00e1lvula de exhalaci\u00f3n contra material particulado.[\/vc_column_text][\/vc_column_inner][vc_column_inner width=&#8221;1\/2&#8243;][vc_single_image image=&#8221;75043&#8243; img_size=&#8221;&#8221; alignment=&#8221;center&#8221; style=&#8221;vc_box_rounded&#8221; onclick=&#8221;custom_link&#8221; link=&#8221;https:\/\/www.extingman.com\/web\/productos\/elementos-de-proteccion\/proteccion-respiratoria\/mascarillatermoformada\/&#8221;][vc_column_text]<strong><a href=\"https:\/\/www.extingman.com\/web\/productos\/elementos-de-proteccion\/proteccion-respiratoria\/mascarillatermoformada\/\">MASCARILLA TERMOFORMADA<\/a><\/strong>: Ideal para trabajos de renovaci\u00f3n como la arena, para trabajos en la casa y de jardiner\u00eda como el polen.[\/vc_column_text][\/vc_column_inner][\/vc_row_inner][vc_row_inner][vc_column_inner width=&#8221;1\/2&#8243;][vc_single_image image=&#8221;75044&#8243; img_size=&#8221;&#8221; alignment=&#8221;center&#8221; style=&#8221;vc_box_rounded&#8221; onclick=&#8221;custom_link&#8221; link=&#8221;https:\/\/www.extingman.com\/web\/productos\/elementos-de-proteccion\/proteccion-respiratoria\/respiradorreusable\/&#8221;][vc_column_text]<a href=\"https:\/\/www.extingman.com\/web\/productos\/elementos-de-proteccion\/proteccion-respiratoria\/respiradorreusable\/\"><strong>RESPIRADOR REUSABLE<\/strong><\/a>: Indicado para part\u00edculas no t\u00f3xicas tales como fibra de vidrio, aserr\u00edn, polvo del hogar y del jard\u00edn.[\/vc_column_text][\/vc_column_inner][vc_column_inner width=&#8221;1\/2&#8243;][vc_single_image image=&#8221;75045&#8243; img_size=&#8221;&#8221; alignment=&#8221;center&#8221; style=&#8221;vc_box_rounded&#8221; onclick=&#8221;custom_link&#8221; link=&#8221;https:\/\/www.extingman.com\/web\/productos\/elementos-de-proteccion\/proteccion-respiratoria\/mascarilla-doblecartucho\/&#8221;][vc_column_text]<strong><a href=\"https:\/\/www.extingman.com\/web\/productos\/elementos-de-proteccion\/proteccion-respiratoria\/mascarilla-doblecartucho\/\">MASCARILLA DOBLE CARTUCHO<\/a><\/strong>: Usar con filtros para vapores org\u00e1nicos, gases \u00e1cidos y humos met\u00e1licos de baja concentraci\u00f3n.[\/vc_column_text][\/vc_column_inner][\/vc_row_inner][vc_row_inner][vc_column_inner width=&#8221;1\/2&#8243;][vc_single_image image=&#8221;75046&#8243; img_size=&#8221;&#8221; alignment=&#8221;center&#8221; style=&#8221;vc_box_rounded&#8221; onclick=&#8221;custom_link&#8221; link=&#8221;https:\/\/www.extingman.com\/web\/productos\/elementos-de-proteccion\/proteccion-respiratoria\/mascarilla-media-cara\/&#8221;][vc_column_text]<strong><a href=\"https:\/\/www.extingman.com\/web\/productos\/elementos-de-proteccion\/proteccion-respiratoria\/mascarilla-media-cara\/\">MASCARILLA MEDIA CARA<\/a><\/strong>: Usar con filtros para vapores org\u00e1nicos, gases \u00e1cidos y humos met\u00e1licos de baja concentraci\u00f3n.[\/vc_column_text][\/vc_column_inner][vc_column_inner width=&#8221;1\/2&#8243;][\/vc_column_inner][\/vc_row_inner][\/vc_column][\/vc_row][vc_row full_width=&#8221;stretch_row&#8221; css=&#8221;.vc_custom_1435652863768{margin-bottom: 0px !important;border-top-width: 1px !important;padding-top: 50px !important;padding-bottom: 50px !important;background-color: #eeeeee !important;border-top-color: #dddddd !important;border-top-style: solid !important;}&#8221; el_class=&#8221;align-right&#8221;][vc_column width=&#8221;2\/3&#8243;][vc_custom_heading text=&#8221;No esta seguro sobre la mejor soluci\u00f3n a sus necesidades?&#8221; font_container=&#8221;tag:h3|font_size:18|text_align:left|color:%23111111&#8243; use_theme_fonts=&#8221;yes&#8221; css=&#8221;.vc_custom_1451940585191{margin-top: 10px !important;}&#8221;][\/vc_column][vc_column width=&#8221;1\/3&#8243;][thememove_button text=&#8221;Cont\u00e1ctanos&#8221; url=&#8221;https:\/\/www.extingman.com\/web\/contacto\/&#8221;][\/vc_column][\/vc_row]<\/p>\n<\/section>","protected":false},"excerpt":{"rendered":"<p>[vc_row][vc_column][vc_row_inner][vc_column_inner width=&#8221;1\/2&#8243;][vc_single_image image=&#8221;75042&#8243; img_size=&#8221;&#8221; alignment=&#8221;center&#8221; style=&#8221;vc_box_rounded&#8221; onclick=&#8221;custom_link&#8221; link=&#8221;https:\/\/www.extingman.com\/web\/productos\/elementos-de-proteccion\/proteccion-respiratoria\/mascarillacon-valvula\/&#8221;][vc_column_text]MASCARILLA CON V\u00c1LVULA: Mascarilla con v\u00e1lvula de exhalaci\u00f3n contra material particulado.[\/vc_column_text][\/vc_column_inner][vc_column_inner width=&#8221;1\/2&#8243;][vc_single_image image=&#8221;75043&#8243; [&hellip;]<\/p>\n","protected":false},"author":1,"featured_media":75341,"parent":74288,"menu_order":0,"comment_status":"closed","ping_status":"closed","template":"","meta":{"footnotes":""},"_links":{"self":[{"href":"https:\/\/www.extingman.com\/web\/wp-json\/wp\/v2\/pages\/74954"}],"collection":[{"href":"https:\/\/www.extingman.com\/web\/wp-json\/wp\/v2\/pages"}],"about":[{"href":"https:\/\/www.extingman.com\/web\/wp-json\/wp\/v2\/types\/page"}],"author":[{"embeddable":true,"href":"https:\/\/www.extingman.com\/web\/wp-json\/wp\/v2\/users\/1"}],"replies":[{"embeddable":true,"href":"https:\/\/www.extingman.com\/web\/wp-json\/wp\/v2\/comments?post=74954"}],"version-history":[{"count":6,"href":"https:\/\/www.extingman.com\/web\/wp-json\/wp\/v2\/pages\/74954\/revisions"}],"predecessor-version":[{"id":75819,"href":"https:\/\/www.extingman.com\/web\/wp-json\/wp\/v2\/pages\/74954\/revisions\/75819"}],"up":[{"embeddable":true,"href":"https:\/\/www.extingman.com\/web\/wp-json\/wp\/v2\/pages\/74288"}],"wp:featuredmedia":[{"embeddable":true,"href":"https:\/\/www.extingman.com\/web\/wp-json\/wp\/v2\/media\/75341"}],"wp:attachment":[{"href":"https:\/\/www.extingman.com\/web\/wp-json\/wp\/v2\/media?parent=74954"}],"curies":[{"name":"wp","href":"https:\/\/api.w.org\/{rel}","templated":true}]}}