{"id":74952,"date":"2016-01-09T22:41:56","date_gmt":"2016-01-09T22:41:56","guid":{"rendered":"http:\/\/www.extingman.com\/web\/?page_id=74952"},"modified":"2023-08-03T15:47:31","modified_gmt":"2023-08-03T20:47:31","slug":"proteccion-manual","status":"publish","type":"page","link":"https:\/\/www.extingman.com\/web\/productos\/elementos-de-proteccion-personal\/proteccion-manual\/","title":{"rendered":"Protecci\u00f3n Manual"},"content":{"rendered":"<section class=\"wpb-content-wrapper\"><p>[vc_row][vc_column][vc_row_inner][vc_column_inner width=&#8221;1\/2&#8243;][vc_single_image image=&#8221;74979&#8243; img_size=&#8221;&#8221; alignment=&#8221;center&#8221; style=&#8221;vc_box_rounded&#8221; onclick=&#8221;custom_link&#8221; link=&#8221;https:\/\/www.extingman.com\/web\/productos\/elementos-de-proteccion\/proteccion-manual\/proflexarmy\/&#8221;][vc_column_text]<strong><a href=\"https:\/\/www.extingman.com\/web\/productos\/elementos-de-proteccion\/proteccion-manual\/proflexarmy\/\">PROFLEX ARMY<\/a><\/strong>: Ideal para manejo de materiales filosos como vidrio, metal o productos altamente abrasivos como bloques de concreto o madera.[\/vc_column_text][\/vc_column_inner][vc_column_inner width=&#8221;1\/2&#8243;][vc_single_image image=&#8221;74980&#8243; img_size=&#8221;&#8221; alignment=&#8221;center&#8221; style=&#8221;vc_box_rounded&#8221; onclick=&#8221;custom_link&#8221; link=&#8221;https:\/\/www.extingman.com\/web\/productos\/elementos-de-proteccion\/proteccion-manual\/taky-5-hard-1\/&#8221;][vc_column_text]<strong><a href=\"https:\/\/www.extingman.com\/web\/productos\/elementos-de-proteccion\/proteccion-manual\/taky-5-hard-1\/\">TAKY5 HARD1<\/a><\/strong>: Ideal para trabajos de construcci\u00f3n, ensamblaje, agroindustria, manejo de vidrio, acero, soldadura.[\/vc_column_text][\/vc_column_inner][\/vc_row_inner][vc_row_inner][vc_column_inner width=&#8221;1\/2&#8243;][vc_single_image image=&#8221;74981&#8243; img_size=&#8221;&#8221; alignment=&#8221;center&#8221; style=&#8221;vc_box_rounded&#8221; onclick=&#8221;custom_link&#8221; link=&#8221;https:\/\/www.extingman.com\/web\/productos\/elementos-de-proteccion\/proteccion-manual\/taky-5-short\/&#8221;][vc_column_text]<strong><a href=\"https:\/\/www.extingman.com\/web\/productos\/elementos-de-proteccion\/proteccion-manual\/taky-5-short\/\">TAKY 5 SHORT<\/a><\/strong>: Ideal para trabajos de construcci\u00f3n, ensamblaje, agroindustria, manejo de vidrio, acero, soldadura.[\/vc_column_text][\/vc_column_inner][vc_column_inner width=&#8221;1\/2&#8243;][vc_single_image image=&#8221;74983&#8243; img_size=&#8221;&#8221; alignment=&#8221;center&#8221; style=&#8221;vc_box_rounded&#8221; onclick=&#8221;custom_link&#8221; link=&#8221;https:\/\/www.extingman.com\/web\/productos\/elementos-de-proteccion\/proteccion-manual\/taky-5-long\/&#8221;][vc_column_text]<strong><a href=\"https:\/\/www.extingman.com\/web\/productos\/elementos-de-proteccion\/proteccion-manual\/taky-5-long\/\">TAKY 5 LONG<\/a><\/strong>: Ideal para trabajos de construcci\u00f3n, ensamblaje, agroindustria, manejo de vidrio, acero, soldadura.[\/vc_column_text][\/vc_column_inner][\/vc_row_inner][vc_row_inner][vc_column_inner width=&#8221;1\/2&#8243;][vc_single_image image=&#8221;74985&#8243; img_size=&#8221;&#8221; alignment=&#8221;center&#8221; style=&#8221;vc_box_rounded&#8221; onclick=&#8221;custom_link&#8221; link=&#8221;https:\/\/www.extingman.com\/web\/productos\/elementos-de-proteccion\/proteccion-manual\/kpro\/&#8221;][vc_column_text]<strong><a href=\"https:\/\/www.extingman.com\/web\/productos\/elementos-de-proteccion\/proteccion-manual\/kpro\/\">K PRO<\/a><\/strong>: Est\u00e1n indicadas para actividades de ensamblaje de automoci\u00f3n, manipulaci\u00f3n de piezas con aristas vivas, manipulaci\u00f3n de chapas met\u00e1licas, montaje y mantenimiento.[\/vc_column_text][\/vc_column_inner][vc_column_inner width=&#8221;1\/2&#8243;][vc_single_image image=&#8221;74986&#8243; img_size=&#8221;&#8221; alignment=&#8221;center&#8221; style=&#8221;vc_box_rounded&#8221; onclick=&#8221;custom_link&#8221; link=&#8221;https:\/\/www.extingman.com\/web\/productos\/elementos-de-proteccion\/proteccion-manual\/anti-fuego\/&#8221;][vc_column_text]<strong><a href=\"https:\/\/www.extingman.com\/web\/productos\/elementos-de-proteccion\/proteccion-manual\/anti-fuego\/\">ANTIFUEGO<\/a><\/strong>: Pueden ser utilizados para equipar a pilotos, mec\u00e1nicos, equipos de rescate, y en todos aquellos trabajos en los que se halle presente el fuego y las altas temperaturas.[\/vc_column_text][\/vc_column_inner][\/vc_row_inner][vc_row_inner][vc_column_inner width=&#8221;1\/2&#8243;][vc_single_image image=&#8221;74988&#8243; img_size=&#8221;&#8221; alignment=&#8221;center&#8221; style=&#8221;vc_box_rounded&#8221; onclick=&#8221;custom_link&#8221; link=&#8221;https:\/\/www.extingman.com\/web\/productos\/elementos-de-proteccion\/proteccion-manual\/algodonpoliester\/&#8221;][vc_column_text]<strong><a href=\"https:\/\/www.extingman.com\/web\/productos\/elementos-de-proteccion\/proteccion-manual\/algodonpoliester\/\">ALGOD\u00d3N POLI\u00c9STER<\/a><\/strong>: C\u00f3modo para jardiner\u00eda, reparaciones locativas, limpieza en general.[\/vc_column_text][\/vc_column_inner][vc_column_inner width=&#8221;1\/2&#8243;][vc_single_image image=&#8221;74990&#8243; img_size=&#8221;&#8221; alignment=&#8221;center&#8221; style=&#8221;vc_box_rounded&#8221; onclick=&#8221;custom_link&#8221; link=&#8221;https:\/\/www.extingman.com\/web\/productos\/elementos-de-proteccion\/proteccion-manual\/chip-3\/&#8221;][vc_column_text]<strong><a href=\"https:\/\/www.extingman.com\/web\/productos\/elementos-de-proteccion\/proteccion-manual\/chip-3\/\">CHIP III<\/a><\/strong>: Ideal para ensamblaje de p\u00e1neles, envasado, plantas automotoras, manejo de materiales, industria embotelladora, manejo de paquetes.[\/vc_column_text][\/vc_column_inner][\/vc_row_inner][vc_row_inner][vc_column_inner width=&#8221;1\/2&#8243;][vc_single_image image=&#8221;74991&#8243; img_size=&#8221;&#8221; alignment=&#8221;center&#8221; style=&#8221;vc_box_rounded&#8221; onclick=&#8221;custom_link&#8221; link=&#8221;https:\/\/www.extingman.com\/web\/productos\/elementos-de-proteccion\/proteccion-manual\/bluepvc\/&#8221;][vc_column_text]<a href=\"https:\/\/www.extingman.com\/web\/productos\/elementos-de-proteccion\/proteccion-manual\/bluepvc\/\"><strong>BLUE PVC<\/strong><\/a>: Adecuado para la industria qu\u00edmica, aceros, galvanoplastia, tratamientos mec\u00e1nicos, procesos qu\u00edmicos mantenimiento, industrias relacionadas con las anteriores.[\/vc_column_text][\/vc_column_inner][vc_column_inner width=&#8221;1\/2&#8243;][vc_single_image image=&#8221;74993&#8243; img_size=&#8221;&#8221; alignment=&#8221;center&#8221; onclick=&#8221;custom_link&#8221; link=&#8221;https:\/\/www.extingman.com\/web\/productos\/elementos-de-proteccion\/proteccion-manual\/bluepvc-long\/&#8221;][vc_column_text]<strong><a href=\"https:\/\/www.extingman.com\/web\/productos\/elementos-de-proteccion\/proteccion-manual\/bluepvc-long\/\">BLUE PVC LONG<\/a><\/strong>: Adecuado para la industria qu\u00edmica, aceros, galvanoplastia, tratamientos mec\u00e1nicos, procesos qu\u00edmicos mantenimiento, industrias relacionadas con las anteriores.[\/vc_column_text][vc_column_text]<\/p>\n<h3 style=\"text-align: right;\">1 <a href=\"https:\/\/www.extingman.com\/web\/productos\/elementos-de-proteccion\/proteccion-manual-2\/\">2<\/a><\/h3>\n<p>[\/vc_column_text][\/vc_column_inner][\/vc_row_inner][\/vc_column][\/vc_row][vc_row full_width=&#8221;stretch_row&#8221; css=&#8221;.vc_custom_1435652863768{margin-bottom: 0px !important;border-top-width: 1px !important;padding-top: 50px !important;padding-bottom: 50px !important;background-color: #eeeeee !important;border-top-color: #dddddd !important;border-top-style: solid !important;}&#8221; el_class=&#8221;align-right&#8221;][vc_column width=&#8221;2\/3&#8243;][vc_custom_heading text=&#8221;No esta seguro sobre la mejor soluci\u00f3n a sus necesidades?&#8221; font_container=&#8221;tag:h3|font_size:18|text_align:left|color:%23111111&#8243; use_theme_fonts=&#8221;yes&#8221; css=&#8221;.vc_custom_1451940585191{margin-top: 10px !important;}&#8221;][\/vc_column][vc_column width=&#8221;1\/3&#8243;][thememove_button text=&#8221;Cont\u00e1ctanos&#8221; url=&#8221;https:\/\/www.extingman.com\/web\/contacto\/&#8221;][\/vc_column][\/vc_row]<\/p>\n<\/section>","protected":false},"excerpt":{"rendered":"<p>[vc_row][vc_column][vc_row_inner][vc_column_inner width=&#8221;1\/2&#8243;][vc_single_image image=&#8221;74979&#8243; img_size=&#8221;&#8221; alignment=&#8221;center&#8221; style=&#8221;vc_box_rounded&#8221; onclick=&#8221;custom_link&#8221; link=&#8221;https:\/\/www.extingman.com\/web\/productos\/elementos-de-proteccion\/proteccion-manual\/proflexarmy\/&#8221;][vc_column_text]PROFLEX ARMY: Ideal para manejo de materiales filosos como vidrio, metal o productos [&hellip;]<\/p>\n","protected":false},"author":1,"featured_media":75340,"parent":74288,"menu_order":0,"comment_status":"closed","ping_status":"closed","template":"","meta":{"footnotes":""},"_links":{"self":[{"href":"https:\/\/www.extingman.com\/web\/wp-json\/wp\/v2\/pages\/74952"}],"collection":[{"href":"https:\/\/www.extingman.com\/web\/wp-json\/wp\/v2\/pages"}],"about":[{"href":"https:\/\/www.extingman.com\/web\/wp-json\/wp\/v2\/types\/page"}],"author":[{"embeddable":true,"href":"https:\/\/www.extingman.com\/web\/wp-json\/wp\/v2\/users\/1"}],"replies":[{"embeddable":true,"href":"https:\/\/www.extingman.com\/web\/wp-json\/wp\/v2\/comments?post=74952"}],"version-history":[{"count":19,"href":"https:\/\/www.extingman.com\/web\/wp-json\/wp\/v2\/pages\/74952\/revisions"}],"predecessor-version":[{"id":75817,"href":"https:\/\/www.extingman.com\/web\/wp-json\/wp\/v2\/pages\/74952\/revisions\/75817"}],"up":[{"embeddable":true,"href":"https:\/\/www.extingman.com\/web\/wp-json\/wp\/v2\/pages\/74288"}],"wp:featuredmedia":[{"embeddable":true,"href":"https:\/\/www.extingman.com\/web\/wp-json\/wp\/v2\/media\/75340"}],"wp:attachment":[{"href":"https:\/\/www.extingman.com\/web\/wp-json\/wp\/v2\/media?parent=74952"}],"curies":[{"name":"wp","href":"https:\/\/api.w.org\/{rel}","templated":true}]}}