{"id":74950,"date":"2016-01-09T22:41:16","date_gmt":"2016-01-09T22:41:16","guid":{"rendered":"http:\/\/www.extingman.com\/web\/?page_id=74950"},"modified":"2023-08-03T15:42:07","modified_gmt":"2023-08-03T20:42:07","slug":"proteccion-facial","status":"publish","type":"page","link":"https:\/\/www.extingman.com\/web\/productos\/elementos-de-proteccion-personal\/proteccion-facial\/","title":{"rendered":"Protecci\u00f3n Facial"},"content":{"rendered":"<section class=\"wpb-content-wrapper\"><p>[vc_row][vc_column][vc_row_inner][vc_column_inner width=&#8221;1\/2&#8243;][vc_single_image image=&#8221;75056&#8243; img_size=&#8221;&#8221; alignment=&#8221;center&#8221; style=&#8221;vc_box_rounded&#8221; onclick=&#8221;custom_link&#8221; link=&#8221;https:\/\/www.extingman.com\/web\/productos\/elementos-de-proteccion\/proteccion-facial\/protector-con-malla-metalica\/&#8221;][vc_column_text]<strong><a href=\"https:\/\/www.extingman.com\/web\/productos\/elementos-de-proteccion\/proteccion-facial\/protector-con-malla-metalica\/\">PROTECTOR CON MALLA MET\u00c1LICA<\/a><\/strong>: Proporciona protecci\u00f3n contra elementos que reboten como ramas, astillas de madera y aserr\u00edn en trabajos forestales, de jardiner\u00eda y agricultura.[\/vc_column_text][\/vc_column_inner][vc_column_inner width=&#8221;1\/2&#8243;][vc_single_image image=&#8221;75057&#8243; img_size=&#8221;&#8221; alignment=&#8221;center&#8221; style=&#8221;vc_box_rounded&#8221; onclick=&#8221;custom_link&#8221; link=&#8221;https:\/\/www.extingman.com\/web\/productos\/elementos-de-proteccion\/proteccion-facial\/careta-de-proteccion-facial\/&#8221;][vc_column_text]<strong><a href=\"https:\/\/www.extingman.com\/web\/productos\/elementos-de-proteccion\/proteccion-facial\/careta-de-proteccion-facial\/\">CARETA DE PROTECCI\u00d3N FACIAL<\/a><\/strong>: Visor claro, ideal contra part\u00edculas vol\u00e1tiles, salpicaduras, chispas, etc..[\/vc_column_text][\/vc_column_inner][\/vc_row_inner][vc_row_inner][vc_column_inner width=&#8221;1\/2&#8243;][vc_single_image image=&#8221;75050&#8243; img_size=&#8221;&#8221; alignment=&#8221;center&#8221; style=&#8221;vc_box_rounded&#8221; onclick=&#8221;custom_link&#8221; link=&#8221;https:\/\/www.extingman.com\/web\/productos\/elementos-de-proteccion\/proteccion-facial\/tafilete-de-4-puntos\/&#8221;][vc_column_text]<strong><a href=\"https:\/\/www.extingman.com\/web\/productos\/elementos-de-proteccion\/proteccion-facial\/tafilete-de-4-puntos\/\">TAFILETE DE 4 PUNTOS<\/a><\/strong>: Cuenta con cuatro puntos de apoyo que sirven de sujeci\u00f3n con la concha del casco y sudadera que no irrita la piel y permite mayor comodidad en el uso.[\/vc_column_text][\/vc_column_inner][vc_column_inner width=&#8221;1\/2&#8243;][vc_single_image image=&#8221;75049&#8243; img_size=&#8221;&#8221; alignment=&#8221;center&#8221; style=&#8221;vc_box_rounded&#8221; onclick=&#8221;custom_link&#8221; link=&#8221;https:\/\/www.extingman.com\/web\/productos\/elementos-de-proteccion\/proteccion-facial\/burbuquejo-para-casco\/&#8221;][vc_column_text]<strong><a href=\"https:\/\/www.extingman.com\/web\/productos\/elementos-de-proteccion\/proteccion-facial\/burbuquejo-para-casco\/\">BURBUQUEJO PARA CASCO<\/a><\/strong>: Norma ANSI Z 89.1 &#8211; 1997.[\/vc_column_text][\/vc_column_inner][\/vc_row_inner][vc_row_inner][vc_column_inner width=&#8221;1\/2&#8243;][vc_single_image image=&#8221;75051&#8243; img_size=&#8221;&#8221; alignment=&#8221;center&#8221; style=&#8221;vc_box_rounded&#8221; onclick=&#8221;custom_link&#8221; link=&#8221;https:\/\/www.extingman.com\/web\/productos\/elementos-de-proteccion\/proteccion-facial\/casco-6-puntos-de-apoyo\/&#8221;][vc_column_text]<a href=\"https:\/\/www.extingman.com\/web\/productos\/elementos-de-proteccion\/proteccion-facial\/casco-6-puntos-de-apoyo\/\"><strong>CASCO 6 PUNTOS DE APOYO<\/strong><\/a>: Diel\u00e9ctrico, con ventilaci\u00f3n, ranura apta para montar protector facial o protector auditivo..[\/vc_column_text][\/vc_column_inner][vc_column_inner width=&#8221;1\/2&#8243;][vc_single_image image=&#8221;75053&#8243; img_size=&#8221;&#8221; alignment=&#8221;center&#8221; style=&#8221;vc_box_rounded&#8221; onclick=&#8221;custom_link&#8221; link=&#8221;https:\/\/www.extingman.com\/web\/productos\/elementos-de-proteccion\/proteccion-facial\/casco-tipo-digart\/&#8221;][vc_column_text]<a href=\"https:\/\/www.extingman.com\/web\/productos\/elementos-de-proteccion\/proteccion-facial\/casco-tipo-digart\/\"><strong>CASCO TIPO DIGART<\/strong><\/a>: Est\u00e1n dise\u00f1ados para proteger contra impactos de objetos que caen en la parte superior de \u00e9ste.[\/vc_column_text][\/vc_column_inner][\/vc_row_inner][vc_row_inner][vc_column_inner width=&#8221;1\/2&#8243;][vc_single_image image=&#8221;75055&#8243; img_size=&#8221;&#8221; alignment=&#8221;center&#8221; style=&#8221;vc_box_rounded&#8221; onclick=&#8221;custom_link&#8221; link=&#8221;https:\/\/www.extingman.com\/web\/productos\/elementos-de-proteccion\/proteccion-facial\/cascodielectrico\/&#8221;][vc_column_text]<strong><a href=\"https:\/\/www.extingman.com\/web\/productos\/elementos-de-proteccion\/proteccion-facial\/cascodielectrico\/\">CASCO DIEL\u00c9CTRICO<\/a><\/strong>: Ofrece resistencia al impacto, penetraci\u00f3n y diel\u00e9ctrica de 20.000 V.[\/vc_column_text][\/vc_column_inner][vc_column_inner width=&#8221;1\/2&#8243;][\/vc_column_inner][\/vc_row_inner][\/vc_column][\/vc_row][vc_row full_width=&#8221;stretch_row&#8221; css=&#8221;.vc_custom_1435652863768{margin-bottom: 0px !important;border-top-width: 1px !important;padding-top: 50px !important;padding-bottom: 50px !important;background-color: #eeeeee !important;border-top-color: #dddddd !important;border-top-style: solid !important;}&#8221; el_class=&#8221;align-right&#8221;][vc_column width=&#8221;2\/3&#8243;][vc_custom_heading text=&#8221;No esta seguro sobre la mejor soluci\u00f3n a sus necesidades?&#8221; font_container=&#8221;tag:h3|font_size:18|text_align:left|color:%23111111&#8243; use_theme_fonts=&#8221;yes&#8221; css=&#8221;.vc_custom_1451940585191{margin-top: 10px !important;}&#8221;][\/vc_column][vc_column width=&#8221;1\/3&#8243;][thememove_button text=&#8221;Cont\u00e1ctanos&#8221; url=&#8221;https:\/\/www.extingman.com\/web\/contacto\/&#8221;][\/vc_column][\/vc_row]<\/p>\n<\/section>","protected":false},"excerpt":{"rendered":"<p>[vc_row][vc_column][vc_row_inner][vc_column_inner width=&#8221;1\/2&#8243;][vc_single_image image=&#8221;75056&#8243; img_size=&#8221;&#8221; alignment=&#8221;center&#8221; style=&#8221;vc_box_rounded&#8221; onclick=&#8221;custom_link&#8221; link=&#8221;https:\/\/www.extingman.com\/web\/productos\/elementos-de-proteccion\/proteccion-facial\/protector-con-malla-metalica\/&#8221;][vc_column_text]PROTECTOR CON MALLA MET\u00c1LICA: Proporciona protecci\u00f3n contra elementos que reboten como ramas, astillas [&hellip;]<\/p>\n","protected":false},"author":1,"featured_media":75346,"parent":74288,"menu_order":0,"comment_status":"closed","ping_status":"closed","template":"","meta":{"footnotes":""},"_links":{"self":[{"href":"https:\/\/www.extingman.com\/web\/wp-json\/wp\/v2\/pages\/74950"}],"collection":[{"href":"https:\/\/www.extingman.com\/web\/wp-json\/wp\/v2\/pages"}],"about":[{"href":"https:\/\/www.extingman.com\/web\/wp-json\/wp\/v2\/types\/page"}],"author":[{"embeddable":true,"href":"https:\/\/www.extingman.com\/web\/wp-json\/wp\/v2\/users\/1"}],"replies":[{"embeddable":true,"href":"https:\/\/www.extingman.com\/web\/wp-json\/wp\/v2\/comments?post=74950"}],"version-history":[{"count":9,"href":"https:\/\/www.extingman.com\/web\/wp-json\/wp\/v2\/pages\/74950\/revisions"}],"predecessor-version":[{"id":75814,"href":"https:\/\/www.extingman.com\/web\/wp-json\/wp\/v2\/pages\/74950\/revisions\/75814"}],"up":[{"embeddable":true,"href":"https:\/\/www.extingman.com\/web\/wp-json\/wp\/v2\/pages\/74288"}],"wp:featuredmedia":[{"embeddable":true,"href":"https:\/\/www.extingman.com\/web\/wp-json\/wp\/v2\/media\/75346"}],"wp:attachment":[{"href":"https:\/\/www.extingman.com\/web\/wp-json\/wp\/v2\/media?parent=74950"}],"curies":[{"name":"wp","href":"https:\/\/api.w.org\/{rel}","templated":true}]}}