{"id":19,"date":"2015-06-24T07:48:05","date_gmt":"2015-06-24T07:48:05","guid":{"rendered":"http:\/\/transport.thememove.com\/demo\/?page_id=19"},"modified":"2023-02-14T09:12:36","modified_gmt":"2023-02-14T14:12:36","slug":"nosotros","status":"publish","type":"page","link":"https:\/\/www.extingman.com\/web\/nosotros\/","title":{"rendered":"Nosotros"},"content":{"rendered":"<section class=\"wpb-content-wrapper\"><p>[vc_row][vc_column width=&#8221;1\/2&#8243;][vc_images_carousel images=&#8221;75543,75606&#8243; img_size=&#8221;480&#215;350&#8243; onclick=&#8221;link_no&#8221; autoplay=&#8221;yes&#8221; hide_prev_next_buttons=&#8221;yes&#8221; wrap=&#8221;yes&#8221;][\/vc_column][vc_column width=&#8221;1\/2&#8243;][vc_custom_heading text=&#8221;NUESTRA COMPA\u00d1\u00cdA&#8221; font_container=&#8221;tag:h2|font_size:24|text_align:left|color:%23111111&#8243; use_theme_fonts=&#8221;yes&#8221; el_class=&#8221;style3&#8243; css=&#8221;.vc_custom_1450550236050{margin-bottom: 40px !important;}&#8221;][vc_column_text el_class=&#8221;gray&#8221;]<u>S<\/u>omos una entidad dedicada, de lleno y casi en forma exclusiva a la atenci\u00f3n id\u00f3nea y amable de extintores contra incendio de todas las caracter\u00edsticas.<\/p>\n<p>La experiencia de casi cincuenta a\u00f1os, por parte de su fundador, de los cuales los \u00faltimos 40 en la ciudad de Cali, en forma ininterrumpida, y la constante actualizaci\u00f3n, nos ha ense\u00f1ado que poseer una muy buena capacidad en cualquier \u00e1rea de servicio, unido a una atenci\u00f3n amable, bien dirigida y mediante la obtenci\u00f3n de ganancias apenas ajustadas a la calidad del servicio, nos produce: aceptaci\u00f3n y posicionamiento comercial como efectivamente lo poseemos.<\/p>\n<p>Las ciudades tienden a crecer y actualizarse, obligadas por el deseo de ser cada d\u00eda m\u00e1s dirigidas al futurismo.[\/vc_column_text][\/vc_column][\/vc_row][vc_row][vc_column][vc_column_text el_class=&#8221;gray&#8221;]Igualmente todos sus componentes o por lo menos quienes deseemos permanecer, deberemos trabajar arduamente para estar dentro del mismo esquema.<\/p>\n<p>El \u00edtem de la seguridad industrial es b\u00e1sico y complejo; es al ser humano a quien se trata de proteger, mediante la aplicaci\u00f3n de todas las normas en este aspecto. Es la responsabilidad correspondiente, en el concierto del mismo plan de crecimiento lo que hay que defender .<\/p>\n<p>Nuestro \u00e9nfasis en la atenci\u00f3n para extintores contra incendio, dentro de un criterio de la m\u00e1xima atenci\u00f3n y calidad versus los precios justos, ha sido un coadyuvante definitivo para llegar al sitio que hoy se nos atribuye. Porque muestra con mucha fuerza, nuestro conocimiento y experiencia aplicada.<\/p>\n<p>Adem\u00e1s gracias al apoyo de nuestra selecta e inmensa clientela, nos obligamos y obligaremos a ser mejores cada d\u00eda<\/p>\n<p>Total: servimos por dos razones poderosas: nos gusta hacerlo y adem\u00e1s nos pagan, debe exig\u00edrsenos por dos razones poderosas, nos pagan y adem\u00e1s requieren un buen servicio.[\/vc_column_text][vc_empty_space][\/vc_column][vc_column][vc_custom_heading text=&#8221;NUESTRA MISI\u00d3N Y VISI\u00d3N&#8221; font_container=&#8221;tag:h2|font_size:24|text_align:left|color:%23111111&#8243; use_theme_fonts=&#8221;yes&#8221; el_class=&#8221;style3&#8243; css=&#8221;.vc_custom_1450554799481{margin-bottom: 40px !important;}&#8221;][vc_column_text el_class=&#8221;gray&#8221;]Detectando las verdaderas necesidades empresariales en cuanto a deficiencias en la atenci\u00f3n t\u00e9cnica a equipos de extinci\u00f3n, y entendiendo la inmensa responsabilidad de esta profesi\u00f3n,\u00a0\u00a0 nuestra misi\u00f3n es muy clara: corregir las fallas, para llegar a ocupar un destacado lugar en calidad y cumplimiento ante las empresas o personas que lo requieran mediante capacitaci\u00f3n de personal, obtenci\u00f3n de nuevas tecnolog\u00edas y aplicaci\u00f3n de permanente responsabilidad, y sin tener en cuenta el tiempo sino la permanencia, lograremos ser una empresa al servicio de las empresas, que cubra todos los est\u00e1ndares de calidad con la eficiencia de filiales internacionales que cubran el mantenimiento de elementos de seguridad, con un \u00e9nfasis muy fuerte en el \u00e1rea de extintores contra incendio.<\/p>\n<p>La importancia y delicadeza de nuestra profesi\u00f3n, nos obliga a conjugar en una sola ecuaci\u00f3n la misi\u00f3n y la visi\u00f3n, para ser ajustados y realistas.[\/vc_column_text][\/vc_column][\/vc_row][vc_row full_width=&#8221;stretch_row&#8221; css=&#8221;.vc_custom_1435652900959{margin-bottom: 0px !important;border-top-width: 1px !important;padding-top: 50px !important;padding-bottom: 50px !important;background-color: #eeeeee !important;border-top-color: #dddddd !important;border-top-style: solid !important;}&#8221; el_class=&#8221;align-right&#8221;][vc_column width=&#8221;2\/3&#8243;][vc_custom_heading text=&#8221;No esta seguro sobre la mejor soluci\u00f3n a sus necesidades?&#8221; font_container=&#8221;tag:h3|font_size:18|text_align:left|color:%23111111&#8243; use_theme_fonts=&#8221;yes&#8221; css=&#8221;.vc_custom_1450550999499{margin-top: 10px !important;}&#8221;][\/vc_column][vc_column width=&#8221;1\/3&#8243;][thememove_button text=&#8221;Cont\u00e1ctanos&#8221; url=&#8221;https:\/\/www.extingman.com\/web\/contacto\/&#8221;][\/vc_column][\/vc_row]<\/p>\n<\/section>","protected":false},"excerpt":{"rendered":"<p>[vc_row][vc_column width=&#8221;1\/2&#8243;][vc_images_carousel images=&#8221;75543,75606&#8243; img_size=&#8221;480&#215;350&#8243; onclick=&#8221;link_no&#8221; autoplay=&#8221;yes&#8221; hide_prev_next_buttons=&#8221;yes&#8221; wrap=&#8221;yes&#8221;][\/vc_column][vc_column width=&#8221;1\/2&#8243;][vc_custom_heading text=&#8221;NUESTRA COMPA\u00d1\u00cdA&#8221; font_container=&#8221;tag:h2|font_size:24|text_align:left|color:%23111111&#8243; use_theme_fonts=&#8221;yes&#8221; el_class=&#8221;style3&#8243; css=&#8221;.vc_custom_1450550236050{margin-bottom: 40px !important;}&#8221;][vc_column_text el_class=&#8221;gray&#8221;]Somos una entidad [&hellip;]<\/p>\n","protected":false},"author":1,"featured_media":0,"parent":0,"menu_order":0,"comment_status":"closed","ping_status":"closed","template":"","meta":{"footnotes":""},"_links":{"self":[{"href":"https:\/\/www.extingman.com\/web\/wp-json\/wp\/v2\/pages\/19"}],"collection":[{"href":"https:\/\/www.extingman.com\/web\/wp-json\/wp\/v2\/pages"}],"about":[{"href":"https:\/\/www.extingman.com\/web\/wp-json\/wp\/v2\/types\/page"}],"author":[{"embeddable":true,"href":"https:\/\/www.extingman.com\/web\/wp-json\/wp\/v2\/users\/1"}],"replies":[{"embeddable":true,"href":"https:\/\/www.extingman.com\/web\/wp-json\/wp\/v2\/comments?post=19"}],"version-history":[{"count":29,"href":"https:\/\/www.extingman.com\/web\/wp-json\/wp\/v2\/pages\/19\/revisions"}],"predecessor-version":[{"id":75771,"href":"https:\/\/www.extingman.com\/web\/wp-json\/wp\/v2\/pages\/19\/revisions\/75771"}],"wp:attachment":[{"href":"https:\/\/www.extingman.com\/web\/wp-json\/wp\/v2\/media?parent=19"}],"curies":[{"name":"wp","href":"https:\/\/api.w.org\/{rel}","templated":true}]}}